{"id":335,"date":"2018-10-29T13:46:49","date_gmt":"2018-10-29T13:46:49","guid":{"rendered":"http:\/\/hdw.adami.nl\/?page_id=7"},"modified":"2020-01-19T13:58:12","modified_gmt":"2020-01-19T12:58:12","slug":"repertoire","status":"publish","type":"page","link":"https:\/\/www.hansdewilde.nl\/?page_id=335","title":{"rendered":"Repertoire"},"content":{"rendered":"\t\t<div data-elementor-type=\"wp-post\" data-elementor-id=\"335\" class=\"elementor elementor-335 elementor-bc-flex-widget\">\n\t\t\t\t\t\t<section class=\"elementor-section elementor-top-section elementor-element elementor-element-2fabc7d elementor-section-boxed elementor-section-height-default elementor-section-height-default\" data-id=\"2fabc7d\" data-element_type=\"section\" data-e-type=\"section\">\n\t\t\t\t\t\t<div class=\"elementor-container elementor-column-gap-default\">\n\t\t\t\t\t<div class=\"elementor-column elementor-col-100 elementor-top-column elementor-element elementor-element-6726f03\" data-id=\"6726f03\" data-element_type=\"column\" data-e-type=\"column\">\n\t\t\t<div class=\"elementor-widget-wrap elementor-element-populated\">\n\t\t\t\t\t\t<section class=\"elementor-section elementor-inner-section elementor-element elementor-element-0910c4e elementor-section-boxed elementor-section-height-default elementor-section-height-default\" data-id=\"0910c4e\" data-element_type=\"section\" data-e-type=\"section\">\n\t\t\t\t\t\t<div class=\"elementor-container elementor-column-gap-default\">\n\t\t\t\t\t<div class=\"elementor-column elementor-col-100 elementor-inner-column elementor-element elementor-element-0f14266\" data-id=\"0f14266\" data-element_type=\"column\" data-e-type=\"column\">\n\t\t\t<div class=\"elementor-widget-wrap elementor-element-populated\">\n\t\t\t\t\t\t<div class=\"elementor-element elementor-element-8ab85eb elementor-widget elementor-widget-html\" data-id=\"8ab85eb\" data-element_type=\"widget\" data-e-type=\"widget\" id=\"repertoire-tabel\" data-widget_type=\"html.default\">\n\t\t\t\t<div class=\"elementor-widget-container\">\n\t\t\t\t\t<table>\n<tr><td>Andriessen, L.<\/td><td>Il principe<\/td><\/tr>\n<tr><td>Bach, J.S.<\/td><td>Matth\u00e4us Passion<\/td><td>BWV 244<\/td><\/tr>\n<tr><td><\/td><td>Johannes Passion<\/td><td>BWV 245<\/td><\/tr>\n<tr><td><\/td><td>Markus Passion<\/td><\/tr>\n<tr><td><\/td><td>Hohe Messe<\/td><td>BWV 232<\/td><\/tr>\n<tr><td><\/td><td>Weihnachts-Oratorium<\/td><td>BWV 248<\/td><\/tr>\n<tr><td><\/td><td>Magnificat<\/td><td>BWV 243<\/td><\/tr>\n<tr><td><\/td><td>Cantates<\/td><td>BWV 6, 11, 12, 29, 36, 38, 56, 61, 72, 74, 103, 111, 120, 131, 140, 156, 161, 147, 196<\/td><\/tr>\n<tr><td><\/td><td>Motetten<\/td><td>BWV 227, 229, 230<\/td><\/tr>\n<tr><td>Brahms, J.<\/td><td>Alt Rhapsody op.53<\/td><\/tr>\n<tr><td><\/td><td>Liebeslieder Waltzer op.52<\/td><\/tr>\n<tr><td><\/td><td>Deutsches Requiem op.45<\/td><\/tr>\n<tr><td><\/td><td>Schicksalslied op.54<\/td><\/tr>\n<tr><td>Britten, B.<\/td><td>Saint Nicolas. A Cantata, op.42<\/td><\/tr>\n<tr><td>Buxtehude, D.<\/td><td>Alles, was ihr tut mit Worten oder mit Werken<\/td><\/tr>\n<tr><td><\/td><td>Jesu meine Freude<\/td><\/tr>\n<tr><td><\/td><td>Nichts soll uns scheiden von die lieben Gott<\/td><\/tr>\n<tr><td><\/td><td>Membrae Jesu nostri<\/td><\/tr>\n<tr><td>Byrd, W.<\/td><td>Mass for 4 voices<\/td><\/tr>\n<tr><td>Charpentier, A.M.<\/td><td>Maria antipfonen<\/td><\/tr>\n<tr><td><\/td><td>Messe de Minuit<\/td><\/tr>\n<tr><td>Debussy, C.<\/td><td>Trois chansons de Charles d\u2019Orleans<\/td><\/tr>\n<tr><td><\/td><td>Trois Nocturnes<\/td><\/tr>\n<tr><td>Dupr\u00e9, M.<\/td><td>De Profundis<\/td><\/tr>\n<tr><td>Durante, F.<\/td><td>Magnificat B-Dur<\/td><\/tr>\n<tr><td>Durufl\u00e9, M.<\/td><td>Requiem, op.9<\/td><\/tr>\n<tr><td>Dvor\u00e0k, A.<\/td><td>Stabat Mater op.58<\/td><\/tr>\n<tr><td><\/td><td>Mis in D op.86<\/td><\/tr>\n<tr><td><\/td><td>Tri muske Zbory<\/td><\/tr>\n<tr><td><\/td><td>Te Deum op.103<\/td><\/tr>\n<tr><td>Eben, P.<\/td><td>Prazske Te Deum<\/td><\/tr>\n<tr><td>Ellington D.<\/td><td>Sacred concert<\/td><\/tr>\n<tr><td>Faur\u00e9, G.<\/td><td>Requiem, op.48<\/td><\/tr>\n<tr><td><\/td><td>Madrigal, op.35<\/td><\/tr>\n<tr><td><\/td><td>Cantique de Jean Racine, op.11<\/td><\/tr>\n<tr><td><\/td><td>Messe Basse<\/td><\/tr>\n<tr><td>Gade, N.<\/td><td>Elverskud<\/td><\/tr>\n<tr><td>Gershwin, G.<\/td><td>Rhapsody in Blue<\/td><\/tr>\n<tr><td>Gilles, J.<\/td><td>Messe des Morts<\/td><\/tr>\n<tr><td>H\u00e4ndel, G.F.<\/td><td>Messiah<\/td><\/tr>\n<tr><td><\/td><td>Dettingen Te Deum<\/td><\/tr>\n<tr><td><\/td><td>Coronation Anthems<\/td><\/tr>\n<tr><td>Haydn, J.<\/td><td>Stabat Mater<\/td><\/tr>\n<tr><td><\/td><td>Die Jahreszeiten<\/td><\/tr>\n<tr><td><\/td><td>Die Sch\u00f6pfung<\/td><\/tr>\n<tr><td><\/td><td>Missa brevis St Joannis de Deo<\/td><\/tr>\n<tr><td><\/td><td>Missa in Angustiis (Nelsonmesse)<\/td><\/tr>\n<tr><td><\/td><td>Salve Regina<\/td><\/tr>\n<tr><td>Jan\u00e1cek, L.<\/td><td>Otcen\u00e1s<\/td><\/tr>\n<tr><td>Jenkins, K.<\/td><td>The Armed Man<\/td><\/tr>\n<tr><td>Liszt, F.<\/td><td>Via crusis<\/td><\/tr>\n<tr><td>Martin, F.<\/td><td>Messe pour double Ch\u0153ur a cappella<\/td><\/tr>\n<tr><td>Martinu, W.<\/td><td>Polni Messe<\/td><\/tr>\n<tr><td>Mendelssohn, A.<\/td><td>Aus tiefer Not schrei ich zu dir<\/td><\/tr>\n<tr><td><\/td><td>Psalm 42<\/td><\/tr>\n<tr><td><\/td><td>Paulus<\/td><\/tr>\n<tr><td>Mont du, H.<\/td><td>Magnificat<\/td><\/tr>\n<tr><td><\/td><td>Mater Jerusalem<\/td><\/tr>\n<tr><td><\/td><td>O Flos convalium<\/td><\/tr>\n<tr><td>Monterverdi, C.<\/td><td>Lamento d\u2019Arianna<\/td><\/tr>\n<tr><td>Mozart, W.A.<\/td><td>Alma dei creatoris KV.277<\/td><\/tr>\n<tr><td><\/td><td>Ave verum corpus KV.618<\/td><\/tr>\n<tr><td><\/td><td>Missa brevis KV.65<\/td><\/tr>\n<tr><td><\/td><td>Requiem KV.626<\/td><\/tr>\n<tr><td><\/td><td>Vesperae solennes de confessore KV.339<\/td><\/tr>\n<tr><td><\/td><td>Mis in C gr.t KV 317(Kr\u00f6nungsmesse)<\/td><\/tr>\n<tr><td>Orff, C.<\/td><td>Carmina Burana<\/td><\/tr>\n<tr><td>Palmeri, M.<\/td><td>Misatango<\/td><\/tr>\n<tr><td>Pergolesi, G.B.<\/td><td>Stabat Mater<\/td><\/tr>\n<tr><td>Poulenc, F.<\/td><td>Gloria<\/td><\/tr>\n<tr><td><\/td><td>Quatre motets pour le temps de No\u00ebl<\/td><\/tr>\n<tr><td>Puccini, G.<\/td><td>Messa di Gloria<\/td><\/tr>\n<tr><td>Purcell, H.<\/td><td>Funeral music of Queen Mary<\/td><\/tr>\n<tr><td>Rachmaninov, S.<\/td><td>Vespers<\/td><\/tr>\n<tr><td>Ramirez, A.<\/td><td>Misa Criolla<\/td><\/tr>\n<tr><td><\/td><td>Navidad Nuesrta<\/td><\/tr>\n<tr><td>Rossini, G.A.<\/td><td>Petite Messe Solennelle<\/td><\/tr>\n<tr><td>Scarlatti, D.<\/td><td>Stabat Mater<\/td><\/tr>\n<tr><td>Saint-Sa\u00ebns. C.<\/td><td>Oratorium de No\u00ebl<\/td><\/tr>\n<tr><td>Schubert, F.<\/td><td>Deutsche Messe<\/td><\/tr>\n<tr><td><\/td><td>Gesang der Geister \u00fcber den Wassern D 714<\/td><\/tr>\n<tr><td>Sch\u00fctz, H.<\/td><td>Weinachts-Oratorium SWV.435<\/td><\/tr>\n<tr><td><\/td><td>Johannes Passion<\/td><\/tr>\n<tr><td>Stravinsky, I.<\/td><td>Symphony of Psalms<\/td><\/tr>\n<tr><td><\/td><td>L\u2019Histoire du Soldat<\/td><\/tr>\n<tr><td><\/td><td>Mass<\/td><\/tr>\n<tr><td>Tedesco, M.<\/td><td>Romancero Gitano<\/td><\/tr>\n<tr><td>Vaughan Williams, R.<\/td><td>Dona Nobis Pacem<\/td><\/tr>\n<tr><td>Verdi, G.<\/td><td>Requiem<\/td><\/tr>\n<tr><td>Vierne, L.<\/td><td>Messe Solennelle<\/td><\/tr>\n<tr><td>Vivaldi, A.<\/td><td>Gloria<\/td><\/tr>\n<tr><td><\/td><td>Mangificat<\/td><\/tr>\n<tr><td>Weill, K.<\/td><td>Das Berliner Requiem<\/td><\/tr>\n<\/table>\t\t\t\t<\/div>\n\t\t\t\t<\/div>\n\t\t\t\t\t<\/div>\n\t\t<\/div>\n\t\t\t\t\t<\/div>\n\t\t<\/section>\n\t\t\t\t\t<\/div>\n\t\t<\/div>\n\t\t\t\t\t<\/div>\n\t\t<\/section>\n\t\t\t\t<\/div>\n\t\t","protected":false},"excerpt":{"rendered":"<p>Andriessen, L. Il principe Bach, J.S. Matth\u00e4us Passion BWV 244 Johannes Passion BWV 245 Markus Passion Hohe Messe BWV 232 Weihnachts-Oratorium BWV 248 Magnificat BWV 243 Cantates BWV 6, 11, 12, 29, 36, 38, 56, 61, 72, 74, 103, 111, 120, 131, 140, 156, 161, 147, 196 Motetten BWV 227, 229, 230 Brahms, J. Alt Rhapsody op.53 Liebeslieder Waltzer op.52 Deutsches Requiem op.45 Schicksalslied op.54 Britten, B. Saint Nicolas. A Cantata, op.42 Buxtehude, D. Alles, was ihr tut mit Worten oder mit Werken Jesu meine Freude Nichts soll uns scheiden von die lieben Gott Membrae Jesu nostri Byrd, W. Mass for 4 voices Charpentier, A.M. Maria antipfonen Messe de Minuit Debussy, C. Trois chansons de Charles d\u2019Orleans Trois Nocturnes Dupr\u00e9, M. De Profundis Durante, F. Magnificat B-Dur Durufl\u00e9, M. Requiem, op.9 Dvor\u00e0k, A. Stabat Mater op.58 Mis in D op.86 Tri muske Zbory Te Deum op.103 Eben, P. Prazske Te&hellip;<\/p>\n<p> <a class=\"more-link\" href=\"https:\/\/www.hansdewilde.nl\/?page_id=335\">Lees verder<\/a><\/p>\n","protected":false},"author":3821,"featured_media":0,"parent":0,"menu_order":0,"comment_status":"closed","ping_status":"closed","template":"","meta":{"ngg_post_thumbnail":0,"footnotes":""},"class_list":["post-335","page","type-page","status-publish"],"_links":{"self":[{"href":"https:\/\/www.hansdewilde.nl\/index.php?rest_route=\/wp\/v2\/pages\/335","targetHints":{"allow":["GET"]}}],"collection":[{"href":"https:\/\/www.hansdewilde.nl\/index.php?rest_route=\/wp\/v2\/pages"}],"about":[{"href":"https:\/\/www.hansdewilde.nl\/index.php?rest_route=\/wp\/v2\/types\/page"}],"author":[{"embeddable":true,"href":"https:\/\/www.hansdewilde.nl\/index.php?rest_route=\/wp\/v2\/users\/3821"}],"replies":[{"embeddable":true,"href":"https:\/\/www.hansdewilde.nl\/index.php?rest_route=%2Fwp%2Fv2%2Fcomments&post=335"}],"version-history":[{"count":1,"href":"https:\/\/www.hansdewilde.nl\/index.php?rest_route=\/wp\/v2\/pages\/335\/revisions"}],"predecessor-version":[{"id":443,"href":"https:\/\/www.hansdewilde.nl\/index.php?rest_route=\/wp\/v2\/pages\/335\/revisions\/443"}],"wp:attachment":[{"href":"https:\/\/www.hansdewilde.nl\/index.php?rest_route=%2Fwp%2Fv2%2Fmedia&parent=335"}],"curies":[{"name":"wp","href":"https:\/\/api.w.org\/{rel}","templated":true}]}}